

{"id":744,"date":"2015-07-22T16:03:48","date_gmt":"2015-07-22T14:03:48","guid":{"rendered":"https:\/\/lirima.inria.fr\/?page_id=744"},"modified":"2022-05-31T10:00:41","modified_gmt":"2022-05-31T08:00:41","slug":"its-history","status":"publish","type":"page","link":"https:\/\/lirima.inria.fr\/fr\/its-history\/","title":{"rendered":"Son histoire"},"content":{"rendered":"<p style=\"text-align: justify;\">Au fil des ann\u00e9es, des relations \u00e9troites entre les chercheurs d\u2019Inria et les chercheurs du Maghreb et de l\u2019Afrique subsaharienne se sont cr\u00e9\u00e9es, contribuant \u00e0 l\u2019\u00e9mergence d\u2019une communaut\u00e9 d\u2019informaticiens et de math\u00e9maticiens et \u00e0 sa structuration en r\u00e9seau, avec des partenaires et des \u00e9quipes performantes.<\/p>\n<ul>\n<li style=\"text-align: justify;\"><strong><a href=\"http:\/\/www.cari-info.org\" target=\"_blank\" rel=\"noopener\">CARI<\/a><\/strong> (Colloque Africain sur la recherche en Informatique et en Math\u00e9matiques Appliqu\u00e9es)<br \/>\nTout a commenc\u00e9 en 1992 avec le premier <strong>colloque CARI<\/strong>, qui f\u00eatera sa 13e \u00e9dition en 2016 \u00e0 Tunis. Cette manifestation et les programmes et projets qui ont suivi,\u00a0ont permis aux chercheurs du continent de se d\u00e9couvrir et de cr\u00e9er une r\u00e9elle communaut\u00e9 de math\u00e9maticiens et d\u2019informaticiens, tr\u00e8s dynamique et ouverte sur l\u2019Europe.<\/li>\n<li style=\"text-align: justify;\"><a href=\"http:\/\/sarima.edu-math.org\/IMG\/pdf\/RapSARIMA_francais.pdf\" target=\"_blank\" rel=\"noopener\"><strong>Sarima<\/strong> <\/a>(Soutien aux Activit\u00e9s de Recherche Informatique et Math\u00e9matiques en Afrique)<br \/>\nUn FSP Mobilisateur (Fond de Solidarit\u00e9 Prioritaire) du Minist\u00e8re des affaires \u00e9trang\u00e8res, financ\u00e9 \u00e0 la base par le MAE pour 4 ans (2004-2008). Il fut anim\u00e9 par un Groupement d\u2019Int\u00e9r\u00eat Scientifique (GIS) associant Inria, le <a href=\"http:\/\/www.cimpa-icpam.org\" target=\"_blank\" rel=\"noopener\">Centre International de Math\u00e9matiques Pures et Appliqu\u00e9es (CIMPA)<\/a> et les universit\u00e9s de Nice-Sophia-Antipolis, de Metz et de Rennes 1. Deux op\u00e9rateurs, le <a href=\"http:\/\/www.cimpa-icpam.org\" target=\"_blank\" rel=\"noopener\">CIMPA<\/a> et <a href=\"http:\/\/www.inria.fr\" target=\"_blank\" rel=\"noopener\">Inria<\/a>, en ont assur\u00e9 la mise en \u0153uvre pendant toute sa dur\u00e9e.<br \/>\nCe programme eu pour objectif de consolider durablement les capacit\u00e9s scientifiques en informatique et en math\u00e9matiques appliqu\u00e9es en Afrique.<\/li>\n<li style=\"text-align: justify;\">Revue <strong><a href=\"https:\/\/arima.episciences.org\" target=\"_blank\" rel=\"noopener\">ARIMA<\/a><br \/>\n<\/strong>ARIMA est la revue Africaine de Recherche en Informatique et Math\u00e9matiques Appliqu\u00e9es. Elle est n\u00e9e en 2002 d\u2019une collaboration scientifique Nord\/Sud men\u00e9e pendant plus de dix ans autour du <a href=\"http:\/\/www.cari-info.org\" target=\"_blank\" rel=\"noopener\">CARI<\/a>. Elle met en valeur les r\u00e9sultats de recherche issus de ces coop\u00e9rations en couvrant tous les sujets de recherche de l\u2019informatique et des math\u00e9matiques appliqu\u00e9es. Elle est ouverte \u00e0 tout chercheur des domaines scientifiques indiqu\u00e9s et soutient les auteurs d\u2019articles d\u00e9crivant des travaux r\u00e9alis\u00e9s entre Afrique et pays du Nord ou enti\u00e8rement r\u00e9alis\u00e9s au Sud.<\/li>\n<\/ul>\n<p style=\"text-align: justify;\">Ces Colloques, programmes et projets ont <strong>renforc\u00e9 une structure en r\u00e9seau des p\u00f4les d\u2019excellence<\/strong> en s\u2019appuyant sur des th\u00e8ses en co-tutelle ou co-encadrement. Les \u00e9quipes africaines ont ainsi pu atteindre une taille critique, ce qui a permis la cr\u00e9ation du <span style=\"color: #5472cc;\"><strong><span style=\"color: #000000;\">LIRIMA<\/span>.<\/strong><\/span><\/p>\n<ul>\n<li style=\"list-style-type: none;\">\n<ul>\n<li style=\"text-align: justify;\">Le <strong><strong><strong>LIRIMA<br \/>\n<\/strong><\/strong><\/strong><br \/>\n<strong>Novembre 2009<\/strong> : La \u00ab\u00a0Convention portant cr\u00e9ation du LIRIMA\u00a0\u00bb est sign\u00e9e pour une dur\u00e9e de 5 ans au Si\u00e8ge du Laboratoire International, h\u00e9berg\u00e9 au sein de l&rsquo;Universit\u00e9 Yaound\u00e9 1, Cameroun.<\/li>\n<\/ul>\n<\/li>\n<\/ul>\n<div id=\"attachment_169\" style=\"width: 310px\" class=\"wp-caption alignleft\"><a href=\"https:\/\/lirima.inria.fr\/files\/2014\/07\/Novembre-2009-Yaound\u00e9-Signature-de-la-Convention-de-cr\u00e9ation-du-LIRIMA1.jpg\"><img loading=\"lazy\" decoding=\"async\" aria-describedby=\"caption-attachment-169\" class=\"size-medium wp-image-169\" src=\"https:\/\/lirima.inria.fr\/files\/2014\/07\/Novembre-2009-Yaound\u00e9-Signature-de-la-Convention-de-cr\u00e9ation-du-LIRIMA1-300x225.jpg\" alt=\"Signature de la Convention- Novembre 2009-Yaound\u00e9, Cameroun\" width=\"300\" height=\"225\" srcset=\"https:\/\/lirima.inria.fr\/files\/2014\/07\/Novembre-2009-Yaound\u00e9-Signature-de-la-Convention-de-cr\u00e9ation-du-LIRIMA1-300x225.jpg 300w, https:\/\/lirima.inria.fr\/files\/2014\/07\/Novembre-2009-Yaound\u00e9-Signature-de-la-Convention-de-cr\u00e9ation-du-LIRIMA1-1024x768.jpg 1024w, https:\/\/lirima.inria.fr\/files\/2014\/07\/Novembre-2009-Yaound\u00e9-Signature-de-la-Convention-de-cr\u00e9ation-du-LIRIMA1-900x675.jpg 900w\" sizes=\"auto, (max-width: 300px) 100vw, 300px\" \/><\/a><p id=\"caption-attachment-169\" class=\"wp-caption-text\">Signature de la Convention- Novembre 2009-Yaound\u00e9, Cameroun<\/p><\/div>\n<ul>\n<li style=\"text-align: justify;\"><\/li>\n<li style=\"text-align: justify;\">\n<p><div id=\"attachment_306\" style=\"width: 393px\" class=\"wp-caption aligncenter\"><a href=\"https:\/\/lirima.inria.fr\/files\/2014\/07\/Creation-du-LIRIMA_Yaound\u00e92009.jpg\"><img loading=\"lazy\" decoding=\"async\" aria-describedby=\"caption-attachment-306\" class=\" wp-image-306\" src=\"https:\/\/lirima.inria.fr\/files\/2014\/07\/Creation-du-LIRIMA_Yaound\u00e92009-300x179.jpg\" alt=\"Universit\u00e9 de Yaound\u00e9 1, Cameroun - Novembre 2009\" width=\"383\" height=\"228\" srcset=\"https:\/\/lirima.inria.fr\/files\/2014\/07\/Creation-du-LIRIMA_Yaound\u00e92009-300x179.jpg 300w, https:\/\/lirima.inria.fr\/files\/2014\/07\/Creation-du-LIRIMA_Yaound\u00e92009.jpg 426w\" sizes=\"auto, (max-width: 383px) 100vw, 383px\" \/><\/a><p id=\"caption-attachment-306\" class=\"wp-caption-text\">Universit\u00e9 de Yaound\u00e9 1, Cameroun &#8211; Novembre 2009<\/p><\/div><\/li>\n<\/ul>\n<ul style=\"list-style-type: circle;\">\n<li style=\"text-align: justify;\"><strong>Mai 2015<\/strong> : Une nouvelle Convention du LIRIMA est sign\u00e9e pour une dur\u00e9e de 4 ans au Si\u00e8ge du Laboratoire International, h\u00e9berg\u00e9 au sein de l&rsquo;Universit\u00e9 Gaston Berger, Saint-Louis, S\u00e9n\u00e9gal. L&rsquo;<em><strong>Inria International Lab<\/strong><\/em> est cr\u00e9\u00e9 avec cette nouvelle Convention.<\/li>\n<\/ul>\n<div id=\"attachment_883\" style=\"width: 231px\" class=\"wp-caption alignleft\"><a href=\"https:\/\/lirima.inria.fr\/files\/2015\/07\/ob_9c1369_ugb-2.jpg\"><img loading=\"lazy\" decoding=\"async\" aria-describedby=\"caption-attachment-883\" class=\" wp-image-883\" src=\"https:\/\/lirima.inria.fr\/files\/2015\/07\/ob_9c1369_ugb-2.jpg\" alt=\"Si\u00e8ge du LIRIMA - Universit\u00e9 Gaston Berger de Saint-Louis, S\u00e9n\u00e9gal\" width=\"221\" height=\"147\" \/><\/a><p id=\"caption-attachment-883\" class=\"wp-caption-text\">Si\u00e8ge du LIRIMA &#8211; Universit\u00e9 Gaston Berger de Saint-Louis, S\u00e9n\u00e9gal<\/p><\/div>\n<div id=\"attachment_882\" style=\"width: 401px\" class=\"wp-caption alignleft\"><a href=\"https:\/\/lirima.inria.fr\/files\/2015\/07\/1bis-2.jpg\"><img loading=\"lazy\" decoding=\"async\" aria-describedby=\"caption-attachment-882\" class=\"wp-image-882 \" src=\"https:\/\/lirima.inria.fr\/files\/2015\/07\/1bis-2-300x148.jpg\" alt=\"\" width=\"391\" height=\"193\" srcset=\"https:\/\/lirima.inria.fr\/files\/2015\/07\/1bis-2-300x148.jpg 300w, https:\/\/lirima.inria.fr\/files\/2015\/07\/1bis-2.jpg 393w\" sizes=\"auto, (max-width: 391px) 100vw, 391px\" \/><\/a><p id=\"caption-attachment-882\" class=\"wp-caption-text\">Signature de la nouvelle Convention &#8211; Mai 2015 &#8211; UGB de Saint Louis, S\u00e9n\u00e9gal<\/p><\/div>\n","protected":false},"excerpt":{"rendered":"<p>Au fil des ann\u00e9es, des relations \u00e9troites entre les chercheurs d\u2019Inria et les chercheurs du Maghreb et de l\u2019Afrique subsaharienne se sont cr\u00e9\u00e9es, contribuant \u00e0 l\u2019\u00e9mergence d\u2019une communaut\u00e9 d\u2019informaticiens et de math\u00e9maticiens et \u00e0 sa structuration en r\u00e9seau, avec des\u2026<\/p>\n<p> <a class=\"continue-reading-link\" href=\"https:\/\/lirima.inria.fr\/fr\/its-history\/\"><span>Continue reading<\/span><i class=\"crycon-right-dir\"><\/i><\/a> <\/p>\n","protected":false},"author":309,"featured_media":0,"parent":0,"menu_order":0,"comment_status":"closed","ping_status":"closed","template":"","meta":{"footnotes":""},"class_list":["post-744","page","type-page","status-publish","hentry"],"_links":{"self":[{"href":"https:\/\/lirima.inria.fr\/fr\/wp-json\/wp\/v2\/pages\/744","targetHints":{"allow":["GET"]}}],"collection":[{"href":"https:\/\/lirima.inria.fr\/fr\/wp-json\/wp\/v2\/pages"}],"about":[{"href":"https:\/\/lirima.inria.fr\/fr\/wp-json\/wp\/v2\/types\/page"}],"author":[{"embeddable":true,"href":"https:\/\/lirima.inria.fr\/fr\/wp-json\/wp\/v2\/users\/309"}],"replies":[{"embeddable":true,"href":"https:\/\/lirima.inria.fr\/fr\/wp-json\/wp\/v2\/comments?post=744"}],"version-history":[{"count":29,"href":"https:\/\/lirima.inria.fr\/fr\/wp-json\/wp\/v2\/pages\/744\/revisions"}],"predecessor-version":[{"id":3567,"href":"https:\/\/lirima.inria.fr\/fr\/wp-json\/wp\/v2\/pages\/744\/revisions\/3567"}],"wp:attachment":[{"href":"https:\/\/lirima.inria.fr\/fr\/wp-json\/wp\/v2\/media?parent=744"}],"curies":[{"name":"wp","href":"https:\/\/api.w.org\/{rel}","templated":true}]}}