

{"id":688,"date":"2015-04-07T14:52:16","date_gmt":"2015-04-07T12:52:16","guid":{"rendered":"https:\/\/lirima.inria.fr\/?page_id=688"},"modified":"2019-03-07T14:48:16","modified_gmt":"2019-03-07T13:48:16","slug":"simerge","status":"publish","type":"page","link":"https:\/\/lirima.inria.fr\/fr\/research-teams\/simerge\/","title":{"rendered":"SIMERG2E"},"content":{"rendered":"<p style=\"text-align: center;\"><span style=\"font-size: large;\"><strong><span style=\"color: #ff0000;\">Inf\u00e9rence statistique pour la mod\u00e9lisation de risques extr\u00eames <\/span><\/strong><\/span><\/p>\n<p style=\"text-align: center;\"><span style=\"font-size: large;\"><strong><span style=\"color: #ff0000;\">et l\u2019\u00e9pid\u00e9miologie globale<\/span><\/strong><\/span><\/p>\n<p><span style=\"font-size: medium;\"><strong><br \/>\nResponsable d&rsquo;\u00e9quipe <\/strong>: Abdou K\u00e2 Diongue<\/span><br \/>\n<span style=\"font-size: medium;\"><strong>Affiliation<\/strong> : University Gaston Berger \/ LERSTAD, Saint-Louis, Senegal<\/span><br \/>\n<span style=\"font-size: medium;\"><strong>Contact<\/strong> : abdou.diongue@edu.ugb.sn<\/span><\/p>\n<p><span style=\"font-size: medium;\"><strong>Co-responsable Inria<\/strong> : Stephane Girard<\/span><br \/>\n<span style=\"font-size: medium;\"><strong>Affiliation<\/strong> : Inria Grenoble \u2013 Rh\u00f4ne-Alpes<\/span><br \/>\n<span style=\"font-size: medium;\"><strong>Contact<\/strong> : stephane.girard@inria.fr<\/span><\/p>\n<p><span style=\"font-size: medium;\"><strong>EPI partenaire<\/strong> : MISTIS (Grenoble \u2013 Rh\u00f4ne-Alpes)<\/span><\/p>\n<h4 style=\"text-align: center;\"><strong>Pour plus d&rsquo;information:\u00a0<\/strong><br \/>\n<strong><a href=\"http:\/\/mistis.inrialpes.fr\/simerge\" target=\"_blank\" rel=\"noopener\">http:\/\/mistis.inrialpes.fr\/simerge<\/a><\/strong><\/h4>\n<p><span style=\"color: #ff0000; font-size: large;\"><strong><br \/>\nObjectifs<\/strong><\/span><\/p>\n<p><span style=\"font-size: medium;\">Entr\u00e9e dans LIRIMA en janvier 2015, cette \u00e9quipe r\u00e9unit des enseignants-chercheurs du LERSTAD (Laboratoire d\u2019Etudes et de Recherches en Statistiques et D\u00e9veloppement, Universit\u00e9 Gaston Berger) d&rsquo;une part, et de MISTIS (Inria Grenoble Rh\u00f4ne-Alpes) d&rsquo;autre part. Elle vient renforcer les collaborations existantes entre ces deux organismes. L&rsquo;\u00e9quipe implique aussi des statisticiens du laboratoire EQUIPPE (Economie QUantitative Int\u00e9gration Politiques Publiques Econom\u00e9trie, Universit\u00e9 de Lille) et membres ext\u00e9rieurs de Modal (Inria Lille Nord-Europe,), ainsi qu&rsquo;un \u00e9pid\u00e9miologiste de l&rsquo;IRD (Institut de Recherche pour le D\u00e9veloppement) \u00e0 Dakar. <\/span><\/p>\n<p><span style=\"font-size: medium;\">Les <strong>deux th\u00e8mes de recherche<\/strong> qui sont d\u00e9velopp\u00e9s sont : <strong>(1)<\/strong> la statistique des valeurs extr\u00eames spatiales avec application \u00e0 la mod\u00e9lisation des risques extr\u00eames ; <strong>(2)<\/strong> la classification avec application \u00e0 l&rsquo;\u00e9pid\u00e9miologie globale.<\/span><\/p>\n<p><span style=\"font-size: medium;\"><strong>Autres participants<\/strong><\/span><\/p>\n<ul>\n<li><span style=\"font-size: medium;\">Laboratoire EQUIPPE (Economie QUantitative Int\u00e9gration Politiques Publiques Econom\u00e9trie)<\/span><\/li>\n<li><span style=\"font-size: medium;\">Universit\u00e9 Lille 1, 2 et 3, Modal, Inria Lille Nord-Europe, France<\/span><\/li>\n<li><span style=\"font-size: medium;\">IRD (Institut de Recherche pour le D\u00e9veloppement), Unit\u00e9 de Recherche sur les Maladies Infectieuses et Tropicales Emergentes (URMITE), Dakar, S\u00e9n\u00e9gal.<\/span><\/li>\n<\/ul>\n","protected":false},"excerpt":{"rendered":"<p>Inf\u00e9rence statistique pour la mod\u00e9lisation de risques extr\u00eames et l\u2019\u00e9pid\u00e9miologie globale Responsable d&rsquo;\u00e9quipe : Abdou K\u00e2 Diongue Affiliation : University Gaston Berger \/ LERSTAD, Saint-Louis, Senegal Contact : abdou.diongue@edu.ugb.sn Co-responsable Inria : Stephane Girard Affiliation : Inria Grenoble \u2013 Rh\u00f4ne-Alpes\u2026<\/p>\n<p> <a class=\"continue-reading-link\" href=\"https:\/\/lirima.inria.fr\/fr\/research-teams\/simerge\/\"><span>Continue reading<\/span><i class=\"crycon-right-dir\"><\/i><\/a> <\/p>\n","protected":false},"author":478,"featured_media":0,"parent":66,"menu_order":0,"comment_status":"closed","ping_status":"closed","template":"","meta":{"footnotes":""},"class_list":["post-688","page","type-page","status-publish","hentry"],"_links":{"self":[{"href":"https:\/\/lirima.inria.fr\/fr\/wp-json\/wp\/v2\/pages\/688","targetHints":{"allow":["GET"]}}],"collection":[{"href":"https:\/\/lirima.inria.fr\/fr\/wp-json\/wp\/v2\/pages"}],"about":[{"href":"https:\/\/lirima.inria.fr\/fr\/wp-json\/wp\/v2\/types\/page"}],"author":[{"embeddable":true,"href":"https:\/\/lirima.inria.fr\/fr\/wp-json\/wp\/v2\/users\/478"}],"replies":[{"embeddable":true,"href":"https:\/\/lirima.inria.fr\/fr\/wp-json\/wp\/v2\/comments?post=688"}],"version-history":[{"count":16,"href":"https:\/\/lirima.inria.fr\/fr\/wp-json\/wp\/v2\/pages\/688\/revisions"}],"predecessor-version":[{"id":2297,"href":"https:\/\/lirima.inria.fr\/fr\/wp-json\/wp\/v2\/pages\/688\/revisions\/2297"}],"up":[{"embeddable":true,"href":"https:\/\/lirima.inria.fr\/fr\/wp-json\/wp\/v2\/pages\/66"}],"wp:attachment":[{"href":"https:\/\/lirima.inria.fr\/fr\/wp-json\/wp\/v2\/media?parent=688"}],"curies":[{"name":"wp","href":"https:\/\/api.w.org\/{rel}","templated":true}]}}