

{"id":60,"date":"2014-07-08T14:37:41","date_gmt":"2014-07-08T12:37:41","guid":{"rendered":"https:\/\/lirima.inria.fr\/?page_id=60"},"modified":"2020-04-16T15:41:10","modified_gmt":"2020-04-16T13:41:10","slug":"about-lirima","status":"publish","type":"page","link":"https:\/\/lirima.inria.fr\/fr\/about-lirima\/","title":{"rendered":"Le Lirima"},"content":{"rendered":"<p style=\"text-align: justify;\"><span style=\"font-family: georgia, palatino, serif;\">Le <strong><span style=\"color: #ff0000;\">LIRIMA<\/span><\/strong> <strong>a \u00e9t\u00e9 cr\u00e9\u00e9 en novembre 2009<\/strong>, pour une dur\u00e9e de 5 ans, par Inria et sept autres institu-tions de pays d\u2019Afrique subsaharienne et du Maghreb. Durant cette p\u00e9riode, le LIRIMA a regroup\u00e9 dans des projets communs des chercheurs de ces partenaires africains avec des chercheurs d\u2019Inria et d\u2019autres organismes fran\u00e7ais et europ\u00e9ens, sur le mod\u00e8le des \u00e9quipes-projets Inria. Douze (12) \u00e9quipes-projets ont compos\u00e9 le LIRIMA pendant la p\u00e9riode 2010-2014.<\/span><\/p>\n<p style=\"text-align: justify;\"><span style=\"font-family: georgia, palatino, serif;\">A l\u2019issue de l\u2019\u00e9valuation positive men\u00e9e en septembre 2014, les partenaires du LIRIMA ont souhait\u00e9 poursuivre leur collaboration en cr\u00e9ant un nouveau Laboratoire pour une dur\u00e9e de 4 (quatre) ans, bas\u00e9 sur le m\u00eame mod\u00e8le que celui cr\u00e9\u00e9 en 2009. Les partenaires ont souhait\u00e9 n\u00e9anmoins apporter certaines modifications aux modalit\u00e9s d\u2019organisation et de fonctionnement du Laboratoire. Ainsi <strong>la nouvelle convention, sign\u00e9e en 2015, l\u2019a prolong\u00e9 en un Inria International Lab<\/strong> du m\u00eame nom. Le Si\u00e8ge du LIRIMA, h\u00e9berg\u00e9 \u00e0 l\u2019Universit\u00e9 de Yaound\u00e9 I pendant la p\u00e9riode 2010-2014, <strong>a \u00e9t\u00e9 h\u00e9berg\u00e9 \u00e0 l\u2019Universit\u00e9 Gaston Berger de Saint-Louis du S\u00e9n\u00e9gal de 2015 \u00e0 2018.<\/strong><\/span><\/p>\n<p style=\"text-align: justify;\"><span style=\"font-family: georgia, palatino, serif;\"><strong>En 2019, le LIRIMA a \u00e9t\u00e9 renouvel\u00e9 pour une nouvelle p\u00e9riode de 4 ans<\/strong> et le si\u00e8ge du LIRIMA <strong>est d\u00e9sormais h\u00e9berg\u00e9 par l\u2019ENIT<\/strong> (\u00c9cole Nationale d\u2019Ing\u00e9nieurs de Tunis) au sein du LAMSIN (Laboratoire de Mod\u00e9lisation Math\u00e9matique et Num\u00e9rique dans les Sciences de l&rsquo;Ing\u00e9nieur) <strong>sur le campus de l\u2019Universit\u00e9 de Tunis El Manar en Tunisie<\/strong>.<\/span><\/p>\n<p><span style=\"font-family: georgia, palatino, serif;\">Le LIRIMA vise principalement \u00e0 :<\/span><\/p>\n<ul>\n<li><span style=\"font-family: georgia, palatino, serif;\">contribuer \u00e0 la recherche internationale en sciences informatique et math\u00e9matiques<\/span><\/li>\n<li><span style=\"font-family: georgia, palatino, serif;\">d\u00e9velopper un partenariat actif et structur\u00e9 entre les partenaires au travers de la formation et de l\u2019encadrement d\u2019\u00e9tudiants<\/span><\/li>\n<li><span style=\"font-family: georgia, palatino, serif;\">contribuer au d\u00e9veloppement \u00e9conomique et social de l\u2019Afrique<\/span><\/li>\n<\/ul>\n<p style=\"text-align: justify;\"><span style=\"font-family: georgia, palatino, serif;\">Le LIRIMA se focalise sur quelques \u00e9quipes identifi\u00e9es qui portent chacune sur un projet innovant. Depuis 2016, les propositions d\u2019\u00e9quipes de recherche sont soumises au programme \u00ab \u00c9quipes Associ\u00e9es \u00bb d\u2019Inria apr\u00e8s avoir \u00e9t\u00e9 pr\u00e9sent\u00e9es \u00e0 la Direction du LIRIMA, qui les accompagne dans la pr\u00e9sentation de leur projet. De cette fa\u00e7on, de nouvelles \u00e9quipes peuvent \u00eatre int\u00e9gr\u00e9es au sein du LIRIMA chaque ann\u00e9e.<\/span><\/p>\n<p style=\"text-align: justify;\"><span style=\"font-family: georgia, palatino, serif;\"><strong>En 2020, ce sont cinq (5) \u00c9quipes Associ\u00e9es qui en sont la base<\/strong>. Elles se regroupent r\u00e9guli\u00e8rement au cours de journ\u00e9es scientifiques permettant d\u2019\u00e9changer sur l\u2019avancement ou le renouvellement des projets de recherche. Des workshops th\u00e9matiques (par ex. en Data Sciences, Agriculture Num\u00e9rique, High Performance Computing et Big Data) sont \u00e9galement organis\u00e9s et ouverts \u00e0 une large communaut\u00e9 africaine et fran\u00e7aise (IRD, Cirad, Inra, AUF\u2026).<\/span><\/p>\n<h4><span style=\"font-family: georgia, palatino, serif;\"><strong><span style=\"color: #ff0000;\">Organisation et gouvernance<\/span><\/strong><\/span><\/h4>\n<p><span style=\"font-family: georgia, palatino, serif;\">L\u2019organisation et la gouvernance du Laboratoire International sont assur\u00e9es par :<\/span><br \/>\n<span style=\"font-family: georgia, palatino, serif;\">&#8211; La Direction : Amel Ben Abda, ENIT &#8211; Universit\u00e9 El Manar, Tunis, Directrice africaine, et Eric Badouel, Inria, Directeur fran\u00e7ais<\/span><br \/>\n<span style=\"font-family: georgia, palatino, serif;\">&#8211; Le Comit\u00e9 de Pilotage<\/span><br \/>\n<span style=\"font-family: georgia, palatino, serif;\">&#8211; Le Conseil Scientifique<\/span><\/p>\n<p><span style=\"font-family: georgia, palatino, serif;\">Les Institutions suivantes sont \u00e0 ce jour membres signataires de la nouvelle convention :<\/span><br \/>\n<span style=\"font-family: georgia, palatino, serif;\">\u2022 Inria<\/span><br \/>\n<span style=\"font-family: georgia, palatino, serif;\">\u2022 Universit\u00e9 de Stellenbosch, Afrique du Sud<\/span><br \/>\n<span style=\"font-family: georgia, palatino, serif;\">\u2022 Universit\u00e9 d\u2019Abomey, B\u00e9nin<\/span><br \/>\n<span style=\"font-family: georgia, palatino, serif;\">\u2022 Universit\u00e9 de Yaound\u00e9 I, Cameroun<\/span><br \/>\n<span style=\"font-family: georgia, palatino, serif;\">\u2022 Universit\u00e9 des Sciences et Techniques de Masuku (USTM), Franceville, Gabon<\/span><br \/>\n<span style=\"font-family: georgia, palatino, serif;\">\u2022 Universit\u00e9 Gaston Berger, Saint-Louis, S\u00e9n\u00e9gal<\/span><br \/>\n<span style=\"font-family: georgia, palatino, serif;\">\u2022 Direction G\u00e9n\u00e9rale de la Recherche Scientifique et du D\u00e9veloppement Technologique (MESRS-DGRSDT), Alg\u00e9rie<\/span><br \/>\n<span style=\"font-family: georgia, palatino, serif;\">\u2022 Centre National pour la Recherche Scientifique et Technique (CNRST), Maroc<\/span><br \/>\n<span style=\"font-family: georgia, palatino, serif;\">\u2022 Minist\u00e8re de l\u2019Enseignement Sup\u00e9rieur et de la Recherche Scientifique (MESRS), Tunisie<\/span><\/p>\n<h4><span style=\"color: #ff0000; font-family: georgia, palatino, serif;\"><strong>Moyens financiers<\/strong><\/span><\/h4>\n<p style=\"text-align: justify;\"><span style=\"font-family: georgia, palatino, serif;\">Les partenaires s\u2019engagent \u00e0 contribuer par l\u2019apport de ressources financi\u00e8res, mat\u00e9rielles et humaines au Laboratoire International. Chacun des partenaires affecte et g\u00e8re les moyens budg\u00e9taires correspondant \u00e0 sa contribution au titre de la convention.<\/span><\/p>\n","protected":false},"excerpt":{"rendered":"<p>Le LIRIMA a \u00e9t\u00e9 cr\u00e9\u00e9 en novembre 2009, pour une dur\u00e9e de 5 ans, par Inria et sept autres institu-tions de pays d\u2019Afrique subsaharienne et du Maghreb. Durant cette p\u00e9riode, le LIRIMA a regroup\u00e9 dans des projets communs des chercheurs\u2026<\/p>\n<p> <a class=\"continue-reading-link\" href=\"https:\/\/lirima.inria.fr\/fr\/about-lirima\/\"><span>Continue reading<\/span><i class=\"crycon-right-dir\"><\/i><\/a> <\/p>\n","protected":false},"author":478,"featured_media":0,"parent":0,"menu_order":1,"comment_status":"closed","ping_status":"open","template":"","meta":{"footnotes":""},"class_list":["post-60","page","type-page","status-publish","hentry"],"_links":{"self":[{"href":"https:\/\/lirima.inria.fr\/fr\/wp-json\/wp\/v2\/pages\/60","targetHints":{"allow":["GET"]}}],"collection":[{"href":"https:\/\/lirima.inria.fr\/fr\/wp-json\/wp\/v2\/pages"}],"about":[{"href":"https:\/\/lirima.inria.fr\/fr\/wp-json\/wp\/v2\/types\/page"}],"author":[{"embeddable":true,"href":"https:\/\/lirima.inria.fr\/fr\/wp-json\/wp\/v2\/users\/478"}],"replies":[{"embeddable":true,"href":"https:\/\/lirima.inria.fr\/fr\/wp-json\/wp\/v2\/comments?post=60"}],"version-history":[{"count":123,"href":"https:\/\/lirima.inria.fr\/fr\/wp-json\/wp\/v2\/pages\/60\/revisions"}],"predecessor-version":[{"id":2856,"href":"https:\/\/lirima.inria.fr\/fr\/wp-json\/wp\/v2\/pages\/60\/revisions\/2856"}],"wp:attachment":[{"href":"https:\/\/lirima.inria.fr\/fr\/wp-json\/wp\/v2\/media?parent=60"}],"curies":[{"name":"wp","href":"https:\/\/api.w.org\/{rel}","templated":true}]}}